{"id":3181,"date":"2024-08-06T20:14:46","date_gmt":"2024-08-06T23:14:46","guid":{"rendered":"https:\/\/sojanalinha.opara.me\/?page_id=3046"},"modified":"2025-06-27T17:24:45","modified_gmt":"2025-06-27T20:24:45","slug":"transparency","status":"publish","type":"page","link":"https:\/\/www.soyontrack.org\/pb\/transparency\/","title":{"rendered":"Traders OG"},"content":{"rendered":"<p>De acordo com a Companhia Nacional de Abastecimento (CONAB), a \u00e1rea de soja aumentou em todas as regi\u00f5es do Brasil, e a regi\u00e3o centro-oeste teve a maior expans\u00e3o de \u00e1rea de soja, de aproximadamente 5,4 milh\u00f5es de hectares (MHa) de 2017 a 2024. Aproximadamente 50% da \u00e1rea de soja do Brasil \u00e9 plantada no bioma Cerrado, que tamb\u00e9m re\u00fane uma grande porcentagem do milho e do gado do Brasil.<\/p>\n<p>O relat\u00f3rio de julho do Departamento de Agricultura dos Estados Unidos (USDA) projetou safra mundial de soja em 2024\/25 de 421,85 milh\u00f5es de toneladas. Em junho, o n\u00famero era de 422,26 milh\u00f5es. Para 2023\/24, a previs\u00e3o \u00e9 de 395,41 milh\u00f5es de toneladas.<\/p>\n<h4>Principais produtores de soja<\/h4>\n<p>Para a produ\u00e7\u00e3o brasileira, o USDA manteve as estimativas em 153 milh\u00f5es de toneladas para 2023\/24 e em 169 milh\u00f5es para 2024\/25.<\/p>\n<p>A safra norte-americana de soja de 2024\/25 dever\u00e1 ficar em 120,7 milh\u00f5es de toneladas. O n\u00famero superou a expectativa do mercado, que esperava 120,2 milh\u00f5es de toneladas.<\/p>\n<p>Para a Argentina, a previs\u00e3o para 2023\/24 foi cortada de 50 milh\u00f5es de toneladas para 49,5 milh\u00f5es, contra expectativa de 50 milh\u00f5es do mercado. Para 2024\/25, a estimativa inicial \u00e9 de 51 milh\u00f5es de toneladas, sem altera\u00e7\u00e3o sobre o m\u00eas anterior.<\/p>\n<p>As importa\u00e7\u00f5es chinesas em 2023\/24 foram estimadas em 108 milh\u00f5es de toneladas. Para a pr\u00f3xima temporada, a previs\u00e3o \u00e9 de um n\u00famero subindo para 109 milh\u00f5es de toneladas.<\/p>\n<h4>Progresso em compromissos:<\/h4>\n<p>Os dados da tabela a seguir mostram o acompanhamento e evolu\u00e7\u00e3o dos compromissos p\u00fablicos assumidos pelas traders com cadeias de valor livres de desmatamento.<\/p>\n<p>Entre as informa\u00e7\u00f5es monitoradas na cadeia de valor, est\u00e3o o desmatamento e convers\u00e3o de vegeta\u00e7\u00e3o nativa, xxxx, xxxx.<\/p>\n<p>A base de informa\u00e7\u00f5es apresenta os compromissos e progressos p\u00fablicos obtidos a partir de relat\u00f3rios de sustentabilidade ou publica\u00e7\u00f5es em sites oficiais das companhias listadas.<\/p>\n<p>No total, XX traders e XX atributos de valor est\u00e3o listados e ser\u00e3o monitorados, com data de corte at\u00e9 XXXX.<\/p>","protected":false},"excerpt":{"rendered":"<p>De acordo com a Companhia Nacional de Abastecimento (CONAB), a \u00e1rea de soja aumentou em todas as regi\u00f5es do Brasil, e a regi\u00e3o centro-oeste teve a maior expans\u00e3o de \u00e1rea de soja, de aproximadamente 5,4 milh\u00f5es de hectares (MHa) de 2017 a 2024. Aproximadamente 50% da \u00e1rea de soja do Brasil \u00e9 plantada no bioma [&hellip;]<\/p>\n","protected":false},"author":2,"featured_media":3343,"parent":0,"menu_order":0,"comment_status":"closed","ping_status":"closed","template":"","meta":{"_acf_changed":false,"inline_featured_image":false,"footnotes":""},"class_list":["post-3181","page","type-page","status-publish","has-post-thumbnail","hentry"],"acf":[],"_links":{"self":[{"href":"https:\/\/www.soyontrack.org\/pb\/wp-json\/wp\/v2\/pages\/3181","targetHints":{"allow":["GET"]}}],"collection":[{"href":"https:\/\/www.soyontrack.org\/pb\/wp-json\/wp\/v2\/pages"}],"about":[{"href":"https:\/\/www.soyontrack.org\/pb\/wp-json\/wp\/v2\/types\/page"}],"author":[{"embeddable":true,"href":"https:\/\/www.soyontrack.org\/pb\/wp-json\/wp\/v2\/users\/2"}],"replies":[{"embeddable":true,"href":"https:\/\/www.soyontrack.org\/pb\/wp-json\/wp\/v2\/comments?post=3181"}],"version-history":[{"count":8,"href":"https:\/\/www.soyontrack.org\/pb\/wp-json\/wp\/v2\/pages\/3181\/revisions"}],"predecessor-version":[{"id":3557,"href":"https:\/\/www.soyontrack.org\/pb\/wp-json\/wp\/v2\/pages\/3181\/revisions\/3557"}],"wp:featuredmedia":[{"embeddable":true,"href":"https:\/\/www.soyontrack.org\/pb\/wp-json\/wp\/v2\/media\/3343"}],"wp:attachment":[{"href":"https:\/\/www.soyontrack.org\/pb\/wp-json\/wp\/v2\/media?parent=3181"}],"curies":[{"name":"wp","href":"https:\/\/api.w.org\/{rel}","templated":true}]}}